{"id":139,"date":"2018-06-05T20:37:52","date_gmt":"2018-06-05T20:37:52","guid":{"rendered":"http:\/\/oregrundspiren.se\/om-oregrundspiren\/?page_id=139"},"modified":"2018-06-20T06:18:50","modified_gmt":"2018-06-20T06:18:50","slug":"gdpr","status":"publish","type":"page","link":"https:\/\/oregrundspiren.se\/om-oregrundspiren\/gdpr\/","title":{"rendered":"GDPR"},"content":{"rendered":"<h4><strong><span style=\"color: #000080;\">\u00d6regrundspiren ABs behandling av personuppgifter<\/span> <\/strong><\/h4>\n<p>Enligt den nya dataskyddsf\u00f6rordningen GDPR (General Data Protection Regulation) som tr\u00e4der i kraft den 25 maj 2018 \u00e4r \u00d6regrundspiren AB skyldiga att informera om vilka personuppgifter vi sparar, varf\u00f6r vi sparar dem och hur l\u00e4nge.<\/p>\n<p>\u00d6regrundspiren AB sparar personuppgifter som:<\/p>\n<ul>\n<li>Namn<\/li>\n<li>Personnummer<\/li>\n<li>Adress<\/li>\n<li>Telefonnummer<\/li>\n<li>E-postadress<\/li>\n<\/ul>\n<p>Vi sparar informationen:<\/p>\n<ul>\n<li>f\u00f6r att registrera v\u00e5ra aktie\u00e4gare i aktieboken<\/li>\n<li>f\u00f6r att registrera aktie\u00e4gare tillika b\u00e5tplats\u00e4gare i kundregister f\u00f6r fakturering av \u00e5rsavgifter<\/li>\n<li>som r\u00e4kenskapsmaterial i v\u00e5r bokf\u00f6ring<\/li>\n<li>f\u00f6r att skicka ut inbjudan till \u00e5rsst\u00e4mma\/bolagsst\u00e4mma samt hantera anm\u00e4lan till dessa<\/li>\n<li>f\u00f6r att n\u00e5 ut till aktie\u00e4garna och informera om \u00d6regrundspiren ABs aktuella h\u00e4ndelser<\/li>\n<li>vid bes\u00f6k p\u00e5 v\u00e5r webbplats d\u00e5 du fyllt i kontaktformul\u00e4r<\/li>\n<li>f\u00f6r att hantera en fr\u00e5ga eller annan kontakt som har tagits med oss i \u00f6vrigt.<\/li>\n<\/ul>\n<p>Vi sparar personuppgifter som avser aktie\u00e4gare under den tid som aktieinnehav finns p\u00e5 laglig grund av r\u00e4ttsliga f\u00f6rpliktelser enligt bland annat Aktiebolagslagen.<\/p>\n<p>Vi sparar information i form av r\u00e4kenskapsmateriel i sju till tio \u00e5r p\u00e5 laglig grund av r\u00e4ttsliga f\u00f6rpliktelser enligt bland annat Bokf\u00f6ringslagen.<\/p>\n<p>Vi sparar kontaktinformation som du har l\u00e4mnat vid intresseanm\u00e4lan om att hyra eller f\u00f6rv\u00e4rva b\u00e5tplats s\u00e5 l\u00e4nge intresset kvarst\u00e5r p\u00e5 laglig grund av v\u00e5rt ber\u00e4ttigade intresse.<\/p>\n<p>Vi sparar kontaktinformation vid andra kontakter som tagits med oss i ett till tv\u00e5 \u00e5r p\u00e5 laglig grund av ber\u00e4ttigat intresse.<\/p>\n<p>Du har i vissa fall r\u00e4tt att beg\u00e4ra information om, r\u00e4ttelse eller radering av dina personuppgifter och r\u00e4tt att beg\u00e4ra begr\u00e4nsning eller inv\u00e4nda mot behandlingen. Du har ocks\u00e5 r\u00e4tt att inge klagom\u00e5l till Datainspektionen om behandlingen. Det kan finnas begr\u00e4nsningar enligt lag och andra best\u00e4mmelser som p\u00e5verkar dessa r\u00e4ttigheter, t ex Aktiebolagslagen.<\/p>\n<p>Har du n\u00e5gra fr\u00e5gor om den h\u00e4r informationen eller vill uppdatera, r\u00e4tta, radera uppgifter eller p\u00e5 annat s\u00e4tt vill utnyttja dina r\u00e4ttigheter kontakta oss p\u00e5 e-post\u00a0<a href=\"mailto:liselotte.soder@econom.se\">liselotte.soder@econom.se<\/a><\/p>\n","protected":false},"excerpt":{"rendered":"<p>\u00d6regrundspiren ABs behandling av personuppgifter Enligt den nya dataskyddsf\u00f6rordningen GDPR (General Data Protection Regulation) som tr\u00e4der i kraft den 25 maj 2018 \u00e4r \u00d6regrundspiren AB skyldiga att informera om vilka personuppgifter vi sparar, varf\u00f6r vi sparar dem och hur l\u00e4nge&#8230;. <a class=\"more-link\" href=\"https:\/\/oregrundspiren.se\/om-oregrundspiren\/gdpr\/\">Forts\u00e4tt l\u00e4sa &rarr;<\/a><\/p>\n","protected":false},"author":1,"featured_media":0,"parent":0,"menu_order":0,"comment_status":"closed","ping_status":"closed","template":"","meta":{"footnotes":""},"class_list":["post-139","page","type-page","status-publish","hentry"],"_links":{"self":[{"href":"https:\/\/oregrundspiren.se\/om-oregrundspiren\/wp-json\/wp\/v2\/pages\/139","targetHints":{"allow":["GET"]}}],"collection":[{"href":"https:\/\/oregrundspiren.se\/om-oregrundspiren\/wp-json\/wp\/v2\/pages"}],"about":[{"href":"https:\/\/oregrundspiren.se\/om-oregrundspiren\/wp-json\/wp\/v2\/types\/page"}],"author":[{"embeddable":true,"href":"https:\/\/oregrundspiren.se\/om-oregrundspiren\/wp-json\/wp\/v2\/users\/1"}],"replies":[{"embeddable":true,"href":"https:\/\/oregrundspiren.se\/om-oregrundspiren\/wp-json\/wp\/v2\/comments?post=139"}],"version-history":[{"count":6,"href":"https:\/\/oregrundspiren.se\/om-oregrundspiren\/wp-json\/wp\/v2\/pages\/139\/revisions"}],"predecessor-version":[{"id":167,"href":"https:\/\/oregrundspiren.se\/om-oregrundspiren\/wp-json\/wp\/v2\/pages\/139\/revisions\/167"}],"wp:attachment":[{"href":"https:\/\/oregrundspiren.se\/om-oregrundspiren\/wp-json\/wp\/v2\/media?parent=139"}],"curies":[{"name":"wp","href":"https:\/\/api.w.org\/{rel}","templated":true}]}}