{"id":2,"date":"2014-10-15T13:15:32","date_gmt":"2014-10-15T13:15:32","guid":{"rendered":"http:\/\/subdoman.oregrundspiren.se\/?page_id=2"},"modified":"2018-06-20T06:12:51","modified_gmt":"2018-06-20T06:12:51","slug":"om-oregrundspiren","status":"publish","type":"page","link":"https:\/\/oregrundspiren.se\/om-oregrundspiren\/","title":{"rendered":"Om \u00d6regrundspiren"},"content":{"rendered":"<h4><span style=\"color: #000080;\"><strong>V\u00e4lkommen till \u00d6regrundspiren AB<br \/>\n<\/strong><\/span><\/h4>\n<p>\u00d6regrundspiren AB \u00e4r ett bolag som har investerat i en brygganl\u00e4ggning i \u00d6regrund med mer \u00e4n 90 b\u00e5tplatser.<\/p>\n<p>Anl\u00e4ggningen \u00e4r bel\u00e4gen p\u00e5 insidan av den stora v\u00e5gbrytaren\/stenpiren (\u00d6regrundspiren) som utg\u00f6r ett v\u00e4sentligt skydd f\u00f6r \u00d6regrunds Hamn.<\/p>\n<p>Efter att ha startats som ett projekt \u00e5r 2001 av ett mindre antal entusiaster med ett intresse av att \u00f6ka utbudet av b\u00e5tplatser i centrala \u00d6regrund, bildades bolaget \u00e5r 2002. Bolaget kunde efter ett flertal m\u00f6ten med \u00d6sthammars Kommun, \u00e4gare av stenpiren och vattenomr\u00e5det, teckna ett arrendeavtal med Kommunen.<\/p>\n<p>Under diskussionerna konsulterade och bekostade bolaget expertis fr\u00e5n bl a KTH i Stockholm f\u00f6r seri\u00f6sa ber\u00e4kningar av v\u00e5gh\u00f6jder och andra v\u00e4sentliga f\u00f6ruts\u00e4ttningar, f\u00f6r att d\u00e4rigenom f\u00e5 bekr\u00e4ftelse p\u00e5 m\u00f6jligheterna att realisera projektet.\u00a0Bolaget har under \u00e5ren investerat ett flertal miljoner i anl\u00e4ggningen vilket i sin helhet finansierats av bolagets aktie\u00e4gare, dvs utan extern bel\u00e5ning.<\/p>\n<p>Varje b\u00e5tplats representeras av ett antal aktier, d\u00e4r antalet varierar beroende p\u00e5 storlek p\u00e5 platsen. Aktieinnehavet \u00e4r ocks\u00e5 f\u00f6renat med en r\u00e4ttighet att hyra b\u00e5tplatsen av bolaget mot en \u00e5rlig avgift. \u00c5rsavgiften varierar med storleken p\u00e5 b\u00e5tplatsen.<\/p>\n<p>B\u00e5tplatserna \u00e4r indelade i olika fyra storlekar, d\u00e4r maximal bredd p\u00e5 b\u00e5ten \u00e4r en begr\u00e4nsande faktor (2,40, 2,70, 3.30 resp. 4,50 meter i maximal b\u00e5tbredd). Samtliga b\u00e5tplatser har tillg\u00e5ng till en g\u00e5ngbom som ocks\u00e5 avgr\u00e4nsar storleken p\u00e5 respektive b\u00e5tplats. El finns tillg\u00e4ngligt f\u00f6r de som s\u00e5 \u00f6nskar, genom anm\u00e4lan till ett s\u00e4rskilt andelssystem.<\/p>\n<p>Samtliga aktie\u00e4gare \u00e4r bundna av ett aktie\u00e4garavtal och ett arrendeavtal visavi bolaget. Aktie\u00e4gare kan vidareuthyra sin b\u00e5tplats mot att avtala efterlevnad till g\u00e4llande regler. Aktierna \u00e4r \u00f6verl\u00e5tbara, och \u00f6ver tid har ca 20-30% av antalet aktier\/b\u00e5tplatser skiftat \u00e4gare.\u201d<\/p>\n<p><strong><span style=\"color: #000080;\">GDPR information<\/span><\/strong><\/p>\n<p>M\u00f6jligheten till personlig inloggning p\u00e5 hemsidan \u00e4r en framtida funktion som f\u00f6r tillf\u00e4llet inte \u00e4r m\u00f6jlig att l\u00f6sa. Det medf\u00f6r ett par justeringar i den GDPR information som skickades ut med kallelse till \u00e5rsst\u00e4mma i juni 2018. Du hittar den aktuella GDPR informationen f\u00f6r \u00d6regrundspiren <a href=\"http:\/\/oregrundspiren.se\/om-oregrundspiren\/gdpr\/\"><u>h\u00e4r<\/u><\/a><\/p>\n<p>&nbsp;<\/p>\n","protected":false},"excerpt":{"rendered":"<p>V\u00e4lkommen till \u00d6regrundspiren AB \u00d6regrundspiren AB \u00e4r ett bolag som har investerat i en brygganl\u00e4ggning i \u00d6regrund med mer \u00e4n 90 b\u00e5tplatser. Anl\u00e4ggningen \u00e4r bel\u00e4gen p\u00e5 insidan av den stora v\u00e5gbrytaren\/stenpiren (\u00d6regrundspiren) som utg\u00f6r ett v\u00e4sentligt skydd f\u00f6r \u00d6regrunds Hamn&#8230;. <a class=\"more-link\" href=\"https:\/\/oregrundspiren.se\/om-oregrundspiren\/\">Forts\u00e4tt l\u00e4sa &rarr;<\/a><\/p>\n","protected":false},"author":1,"featured_media":0,"parent":0,"menu_order":0,"comment_status":"closed","ping_status":"closed","template":"","meta":{"footnotes":""},"class_list":["post-2","page","type-page","status-publish","hentry"],"_links":{"self":[{"href":"https:\/\/oregrundspiren.se\/om-oregrundspiren\/wp-json\/wp\/v2\/pages\/2","targetHints":{"allow":["GET"]}}],"collection":[{"href":"https:\/\/oregrundspiren.se\/om-oregrundspiren\/wp-json\/wp\/v2\/pages"}],"about":[{"href":"https:\/\/oregrundspiren.se\/om-oregrundspiren\/wp-json\/wp\/v2\/types\/page"}],"author":[{"embeddable":true,"href":"https:\/\/oregrundspiren.se\/om-oregrundspiren\/wp-json\/wp\/v2\/users\/1"}],"replies":[{"embeddable":true,"href":"https:\/\/oregrundspiren.se\/om-oregrundspiren\/wp-json\/wp\/v2\/comments?post=2"}],"version-history":[{"count":24,"href":"https:\/\/oregrundspiren.se\/om-oregrundspiren\/wp-json\/wp\/v2\/pages\/2\/revisions"}],"predecessor-version":[{"id":166,"href":"https:\/\/oregrundspiren.se\/om-oregrundspiren\/wp-json\/wp\/v2\/pages\/2\/revisions\/166"}],"wp:attachment":[{"href":"https:\/\/oregrundspiren.se\/om-oregrundspiren\/wp-json\/wp\/v2\/media?parent=2"}],"curies":[{"name":"wp","href":"https:\/\/api.w.org\/{rel}","templated":true}]}}